{"id":857,"date":"2026-02-20T12:03:31","date_gmt":"2026-02-20T12:03:31","guid":{"rendered":"https:\/\/nice-jang.213-202-100-24.plesk.page\/privacy-policy\/"},"modified":"2026-04-03T11:28:08","modified_gmt":"2026-04-03T11:28:08","slug":"politika-privatnosti","status":"publish","type":"page","link":"https:\/\/nice-jang.213-202-100-24.plesk.page\/hr\/politika-privatnosti\/","title":{"rendered":"Privacy Policy"},"content":{"rendered":"<style>.elementor-857 .elementor-element.elementor-element-5231121{--display:flex;--min-height:600px;--flex-direction:column;--container-widget-width:100%;--container-widget-height:initial;--container-widget-flex-grow:0;--container-widget-align-self:initial;--flex-wrap-mobile:wrap;--justify-content:center;--overlay-opacity:1;--padding-top:0px;--padding-bottom:0px;--padding-left:20px;--padding-right:20px;}.elementor-857 .elementor-element.elementor-element-5231121:not(.elementor-motion-effects-element-type-background), .elementor-857 .elementor-element.elementor-element-5231121 > .elementor-motion-effects-container > .elementor-motion-effects-layer{background-image:url(\"https:\/\/nice-jang.213-202-100-24.plesk.page\/wp-content\/uploads\/2026\/02\/late-afternoon-light-on-a-beige-wall-2022-12-16-00-29-07-utc.jpg\");background-position:center center;background-size:cover;}.elementor-857 .elementor-element.elementor-element-5231121::before, .elementor-857 .elementor-element.elementor-element-5231121 > .elementor-background-video-container::before, .elementor-857 .elementor-element.elementor-element-5231121 > .e-con-inner > .elementor-background-video-container::before, .elementor-857 .elementor-element.elementor-element-5231121 > .elementor-background-slideshow::before, .elementor-857 .elementor-element.elementor-element-5231121 > .e-con-inner > .elementor-background-slideshow::before, .elementor-857 .elementor-element.elementor-element-5231121 > .elementor-motion-effects-container > .elementor-motion-effects-layer::before{--background-overlay:'';background-color:#0F0F0F96;}.elementor-857 .elementor-element.elementor-element-7991ed73{--display:flex;--gap:0px 0px;--row-gap:0px;--column-gap:0px;--padding-top:45px;--padding-bottom:80px;--padding-left:0px;--padding-right:0px;}.elementor-857 .elementor-element.elementor-element-3be77626{text-align:center;margin:0px 0px calc(var(--kit-widget-spacing, 0px) + 28px) 0px;}.elementor-857 .elementor-element.elementor-element-3be77626 .elementor-heading-title{font-family:var( --e-global-typography-888c778-font-family ), Sans-serif;font-size:var( --e-global-typography-888c778-font-size );font-weight:var( --e-global-typography-888c778-font-weight );text-transform:var( --e-global-typography-888c778-text-transform );font-style:var( --e-global-typography-888c778-font-style );text-decoration:var( --e-global-typography-888c778-text-decoration );line-height:var( --e-global-typography-888c778-line-height );letter-spacing:var( --e-global-typography-888c778-letter-spacing );word-spacing:var( --e-global-typography-888c778-word-spacing );color:var( --e-global-color-f0e0728 );}.elementor-857 .elementor-element.elementor-element-0f768cc{--display:flex;--margin-top:90px;--margin-bottom:100px;--margin-left:0px;--margin-right:0px;}@media(min-width:768px){.elementor-857 .elementor-element.elementor-element-5231121{--content-width:1240px;}}@media(max-width:1024px){.elementor-857 .elementor-element.elementor-element-5231121{--min-height:500px;--padding-top:0px;--padding-bottom:0px;--padding-left:40px;--padding-right:40px;}.elementor-857 .elementor-element.elementor-element-7991ed73{--gap:0px 0px;--row-gap:0px;--column-gap:0px;}.elementor-857 .elementor-element.elementor-element-3be77626 .elementor-heading-title{font-size:var( --e-global-typography-888c778-font-size );line-height:var( --e-global-typography-888c778-line-height );letter-spacing:var( --e-global-typography-888c778-letter-spacing );word-spacing:var( --e-global-typography-888c778-word-spacing );}}@media(max-width:767px){.elementor-857 .elementor-element.elementor-element-5231121{--min-height:0px;--padding-top:0px;--padding-bottom:0px;--padding-left:20px;--padding-right:20px;}.elementor-857 .elementor-element.elementor-element-7991ed73{--padding-top:100px;--padding-bottom:90px;--padding-left:0px;--padding-right:0px;}.elementor-857 .elementor-element.elementor-element-3be77626 .elementor-heading-title{font-size:var( --e-global-typography-888c778-font-size );line-height:var( --e-global-typography-888c778-line-height );letter-spacing:var( --e-global-typography-888c778-letter-spacing );word-spacing:var( --e-global-typography-888c778-word-spacing );}.elementor-857 .elementor-element.elementor-element-3be77626{padding:0px 0px 0px 0px;}}<\/style>\t\t<div data-elementor-type=\"wp-page\" data-elementor-id=\"857\" class=\"elementor elementor-857 elementor-265\" data-elementor-post-type=\"page\">\n\t\t\t\t<div class=\"elementor-element elementor-element-5231121 e-flex e-con-boxed e-con e-parent\" data-id=\"5231121\" data-element_type=\"container\" data-e-type=\"container\" data-settings=\"{&quot;background_background&quot;:&quot;classic&quot;}\">\n\t\t\t\t\t<div class=\"e-con-inner\">\n\t\t<div class=\"elementor-element elementor-element-7991ed73 e-con-full e-flex e-con e-child\" data-id=\"7991ed73\" data-element_type=\"container\" data-e-type=\"container\">\n\t\t\t\t<div class=\"elementor-element elementor-element-3be77626 elementor-invisible elementor-widget elementor-widget-heading\" data-id=\"3be77626\" data-element_type=\"widget\" data-e-type=\"widget\" data-settings=\"{&quot;_animation&quot;:&quot;fadeIn&quot;}\" data-widget_type=\"heading.default\">\n\t\t\t\t\t<h2 class=\"elementor-heading-title elementor-size-default\">Privacy Policy<\/h2>\t\t\t\t<\/div>\n\t\t\t\t<\/div>\n\t\t\t\t\t<\/div>\n\t\t\t\t<\/div>\n\t\t<div class=\"elementor-element elementor-element-0f768cc e-flex e-con-boxed e-con e-parent\" data-id=\"0f768cc\" data-element_type=\"container\" data-e-type=\"container\">\n\t\t\t\t\t<div class=\"e-con-inner\">\n\t\t\t\t<div class=\"elementor-element elementor-element-167bcd0 elementor-widget elementor-widget-text-editor\" data-id=\"167bcd0\" data-element_type=\"widget\" data-e-type=\"widget\" data-widget_type=\"text-editor.default\">\n\t\t\t\t\t\t\t\t\t<h4>Uvod.<\/h4>\n<p>Tvrtka Lazzz, sa sjedi\u0161tem na adresi Stari Laz 113C, Primorsko Goranska, Hrvatska (u daljnjem tekstu Lazzz), mora prikupljati i koristiti odre\u0111ene osobne podatke u svom poslovanju.<\/p>\n<p>Ova je politika napisana i provedena kako bi se osiguralo da Lazzz posluje u skladu sa svojim zakonskim, organizacijskim i tehni\u010dkim obvezama u vezi sa za\u0161titom osobnih podataka.<\/p>\n<p>Svi zaposlenici Lazzza u potpunosti su upoznati sa sadr\u017eajem ove Politike. Osiguravaju njezinu primjenu prilikom rukovanja i obrade osobnih podataka. Zaposlenici \u010diji zadaci uklju\u010duju rukovanje i obradu osobnih podataka propisno su osposobljeni za svoje du\u017enosti u vezi sa za\u0161titom osobnih podataka.<\/p>\n<p>Ova se Politika odnosi na sve osobne podatke koje Lazzz pohranjuje, a koji se odnose na bilo koju fizi\u010dku osobu, bez obzira na njezin odnos prema poslovanju, jesu li, bili ili mogu postati klijent, dobavlja\u010d ili kontakt osoba.<\/p>\n<p>Ova je Politika provedena kako bi se sprije\u010dila potencijalna \u0161teta za Lazzz i njegove zaposlenike i subjekte, kao i kako bi se osiguralo da je obrada osobnih podataka u potpunosti u skladu s va\u017ee\u0107im zakonima i drugim propisima.<\/p>\n<h4><br><\/h4><h4>Definicije i opseg.<\/h4>\n<p><span style=\"color: rgba(14, 14, 14, 0.5); font-family: Roboto, sans-serif; font-size: 14px; letter-spacing: normal;\">\u201eosobni podaci\u201c zna\u010de bilo koju informaciju koja se odnosi na identificiranu ili prepoznatljivu fizi\u010dku osobu (\u201eispitanik\u201c); prepoznatljiva fizi\u010dka osoba je ona koju je mogu\u0107e identificirati, izravno ili neizravno, posebno pozivanjem na identifikator kao \u0161to je ime, identifikacijski broj, podaci o lokaciji, mre\u017eni identifikator ili na jedan ili vi\u0161e \u010dimbenika specifi\u010dnih za fizi\u010dki, fiziolo\u0161ki, genetski, mentalni, ekonomski, kulturni ili dru\u0161tveni identitet te fizi\u010dke osobe;<\/span><\/p>\n<p>\u201eobrada\u201c zna\u010di bilo koju operaciju ili skup operacija koje se izvode na osobnim podacima ili na skupovima osobnih podataka, bilo automatiziranim sredstvima ili ne, kao \u0161to su prikupljanje, snimanje, organiziranje, strukturiranje, pohranjivanje, prilago\u0111avanje ili izmjena, pronala\u017eenje, konzultacije, kori\u0161tenje, otkrivanje prijenosom, \u0161irenjem ili drugim stavljanjem na raspolaganje, uskla\u0111ivanje ili kombiniranje, ograni\u010davanje, brisanje ili uni\u0161tavanje, kao i svaka primjena logi\u010dkih, matemati\u010dkih i drugih operacija na takvim podacima.<\/p>\n<p>Lazzz prikuplja i obra\u0111uje osobne podatke uglavnom radi pru\u017eanja usluga u okviru svog poslovanja. Zato Lazzz treba prikupljati i obra\u0111ivati odre\u0111ene kategorije podataka o osobama s kojima je u kontaktu (ispitanici). Lazzz s ovim osobnim podacima postupa na odgovaraju\u0107i na\u010din, bez obzira na to jesu li podaci dobiveni, zabilje\u017eeni, pohranjeni i kori\u0161teni u papirnatom obliku, na ra\u010dunalu ili bilo kojem drugom mediju.<\/p>\n<p>Davanjem svojih podataka Lazzzu, ispitanik pristaje da Lazzz obra\u0111uje njegove osobne podatke u skladu s navedenom svrhom. Privatnost podataka ispitanika trajno je za\u0161ti\u0107ena. U bilo kojem trenutku ispitanik mo\u017ee ostvariti svoja prava, kako je navedeno i obja\u0161njeno u nastavku.<\/p>\n<p>Lazzz prikuplja i obra\u0111uje osobne podatke ispitanika u skladu sa Zakonom o za\u0161titi osobnih podataka, drugim primjenjivim estonskim propisima, Europskom direktivom 95\/46\/EZ i Op\u0107om uredbom o za\u0161titi podataka (GDPR), (Uredba (EU) 2016\/679 Europskog parlamenta i Vije\u0107a od 27. travnja 2016.).<\/p>\n<p>Lazzz prikupljene podatke pohranjuje na odgovaraju\u0107i na\u010din i osigurava njihovu povjerljivost. Lazz ne\u0107e proslje\u0111ivati prikupljene podatke tre\u0107im stranama bez privole ispitanika, osim kada je to potrebno za ispunjenje zakonskih obveza Lazzza, kada je to potrebno za ispunjavanje zadataka od javnog interesa ili kada su ispitanici sami u\u010dinili te podatke javno dostupnima i\/ili u drugim slu\u010dajevima kada to nala\u017eu va\u017ee\u0107i propisi.<\/p>\n<p>U vezi s njihovim osobnim podacima koje obra\u0111uje Lazzz, ispitanici imaju sljede\u0107a prava:<\/p>\n<p><b>Pravo na informacije<\/b><\/p>\n<p>U bilo kojem trenutku, ispitanik ima pravo zatra\u017eiti informaciju o tome obra\u0111uju li se njegovi osobni podaci i u koje svrhe, tko je voditelj obrade, kontakt podatke slu\u017ebenika za za\u0161titu podataka, koje se kategorije osobnih podataka obra\u0111uju, tko ili \u0161to je izvor njihovih osobnih podataka, tko su primatelji njihovih osobnih podataka te pravo na informacije o svojim drugim pravima navedenim u ovoj Politici (pravo na pristup, pravo na ispravak, pravo na brisanje, pravo na ograni\u010denje i drugo).<\/p>\n<p><b>Pravo na pristup<\/b><\/p>\n<p>Svaki ispitanik ima pravo zatra\u017eiti i dobiti od Lazzza potvrdu obra\u0111uju li se osobni podaci koji se na njega odnose, dobiti pristup tim podacima i informacijama o: \u2013 svrhama obrade; \u2013 kategorijama osobnih podataka koji se obra\u0111uju; \u2013 primateljima ili kategorijama primatelja kojima su osobni podaci otkriveni ili \u0107e biti otkriveni; \u2013 gdje je to mogu\u0107e, predvi\u0111enom razdoblju u kojem \u0107e se osobni podaci pohranjivati ili, ako nije mogu\u0107e, kriterijima kori\u0161tenim za odre\u0111ivanje tog razdoblja; postojanju prava da se od Lazzza zatra\u017ei ispravak ili brisanje osobnih podataka ili ograni\u010denje obrade osobnih podataka koji se odnose na ispitanika ili da se ulo\u017ei prigovor na takvu obradu; \u2013 pravu na podno\u0161enje pritu\u017ebe nadzornom tijelu; \u2013 kada se osobni podaci ne prikupljaju od ispitanika, sve dostupne informacije o njihovom izvoru; \u2013 postojanju automatiziranog dono\u0161enja odluka, uklju\u010duju\u0107i profiliranje i njegove posljedice.<\/p>\n<p><b>Pravo na ispravak<\/b><\/p>\n<p>Ispitanik ima pravo bez nepotrebnog odga\u0111anja od Lazzza ishoditi ispravak neto\u010dnih osobnih podataka koji se na njega odnose. Ispitanik ima pravo na dopunu nepotpunih osobnih podataka, uklju\u010duju\u0107i i davanjem dopunske izjave.<\/p>\n<p><b>Pravo na brisanje \/ pravo na zaborav<\/b><\/p>\n<p>Ispitanik ima pravo na brisanje i prestanak obrade svojih osobnih podataka ako osobni podaci vi\u0161e nisu potrebni u odnosu na svrhe za koje se prikupljaju ili na drugi na\u010din obra\u0111uju, ako je ispitanik povukao svoju privolu i ne postoji druga pravna osnova za obradu tih podataka, ako su podaci nezakonito obra\u0111eni, ako je podatke potrebno izbrisati radi uskla\u0111ivanja s va\u017ee\u0107im pravom Unije ili nacionalnim propisima dr\u017eave \u010dlanice koja ima nadle\u017enost nad Lazzz-om, ako su podaci prikupljeni u vezi s uslugama informacijskog dru\u0161tva.<\/p>\n<p>Ovo se ne primjenjuje ako je obrada podataka potrebna (i u potrebnoj mjeri) radi ostvarivanja prava na slobodu izra\u017eavanja i informiranja, radi ispunjavanja zakonske obveze koja zahtijeva obradu prema pravu Unije ili dr\u017eave \u010dlanice kojem podlije\u017ee Lazzz ili radi obavljanja zadatka koji se provodi u javnom interesu ili u vr\u0161enju slu\u017ebene ovlasti dodijeljene Lazzz-u, iz razloga javnog interesa u podru\u010dju javnog zdravstva, u svrhu arhiviranja u javnom interesu, u svrhu znanstvenog ili povijesnog istra\u017eivanja, radi postavljanja, ostvarivanja ili obrane pravnih zahtjeva.<\/p>\n<p><b>Pravo na podno\u0161enje pritu\u017ebe nadzornom tijelu<\/b><\/p>\n<p>Ispitanik ima pravo, iz razloga koji se odnose na njegovu posebnu situaciju, u bilo kojem trenutku prigovoriti obradi osobnih podataka koji se na njega odnose, uklju\u010duju\u0107i profiliranje, ako je obrada osobnih podataka potrebna za obavljanje zadatka koji se provodi u javnom interesu ili u ostvarivanju legitimnog interesa Lazzza ili tre\u0107ih strana. Lazzz vi\u0161e ne\u0107e obra\u0111ivati osobne podatke osim ako Lazzz ne doka\u017ee uvjerljive legitimne razloge za obradu koji nadilaze interese, prava i slobode ispitanika ili za pokretanje, ostvarivanje ili obranu pravnih zahtjeva.<\/p>\n<p>U slu\u010daju obrade osobnih podataka u svrhu izravnog marketinga, ispitanik ima pravo u bilo kojem trenutku prigovoriti obradi osobnih podataka koji se na njega odnose za takav marketing, \u0161to uklju\u010duje profiliranje u mjeri u kojoj je povezano s takvim izravnim marketingom.<\/p>\n<p><b>Pravo na prenosivost podataka<\/b><\/p>\n<p>Ispitanik ima pravo primiti osobne podatke koji se na njega odnose, a koje je pru\u017eio Lazzzu, u strukturiranom, uobi\u010dajeno kori\u0161tenom i strojno \u010ditljivom formatu te ima pravo prenijeti te podatke drugom voditelju obrade bez ometanja od strane Lazzza ako se obrada podataka temelji na njegovom pristanku i ako se podaci obra\u0111uju automatski.<\/p>\n<p>Gdje je to tehni\u010dki izvedivo i kada to ne ugro\u017eava prava i slobode drugih osoba, ispitanik ima pravo da se njegovi osobni podaci izravno prenesu od Lazzza drugome.<\/p>\n<p><b>Prava koja se odnose na automatizirano dono\u0161enje odluka i profiliranje<\/b><\/p>\n<p>Ispitanik ima pravo ne biti predmetom odluke koja se temelji isklju\u010divo na automatiziranoj obradi, uklju\u010duju\u0107i profiliranje, koja proizvodi pravne u\u010dinke u vezi s njim ili na sli\u010dan na\u010din zna\u010dajno utje\u010de na njega, osim ako je to potrebno za sklapanje ili izvr\u0161enje ugovora izme\u0111u ispitanika i Lazzza, kada je to izri\u010dito dopu\u0161teno pravom Unije ili dr\u017eave \u010dlanice kojemu podlije\u017ee Lazzz ili se temelji na izri\u010ditom pristanku ispitanika.<\/p>\n<p><b>Pravo na povla\u010denje privole<\/b><\/p>\n<p>Privola ispitanika jedna je od pravnih osnova za obradu podataka koji se odnose na ispitanika. Ispitanik ima pravo u bilo kojem trenutku povu\u0107i svoju privolu. Povla\u010denje privole ne utje\u010de na zakonitost obrade na temelju privole prije njezina povla\u010denja.<\/p>\n<p><b>Pravo na ograni\u010denje obrade<\/b><\/p>\n<p>Ispitanik ima pravo zahtijevati ograni\u010denje obrade svojih osobnih podataka ako osporava to\u010dnost osobnih podataka, i to za razdoblje koje omogu\u0107uje Lazzzu da provjeri to\u010dnost osobnih podataka; ako su njegovi podaci nezakonito obra\u0111eni i ne zahtijeva brisanje, ve\u0107 samo ograni\u010denje obrade; ako Lazzzu vi\u0161e nisu potrebni njegovi podaci, ali su mu potrebni za ostvarivanje ili izvr\u0161avanje njegovih pravnih zahtjeva. Ako je prigovorio na obradu svojih osobnih podataka, ispitanik ima pravo zahtijevati ograni\u010denje obrade za razdoblje potrebno da se utvrdi nadja\u010davaju li legitimni razlozi kontrolora Lazzza njegova prava iz prigovora.<\/p>\n<p>Za ostvarivanje svojih prava ispitanik treba kontaktirati slu\u017ebenika za za\u0161titu podataka slanjem pisane obavijesti ili zahtjeva slu\u017ebeniku za za\u0161titu podataka Lazzza, putem e-po\u0161te, koriste\u0107i adresu e-po\u0161te koju je dobio od Lazzza, ili po\u0161tom na adresu: tj. na fizi\u010dku adresu Lazzz LLC pod uvjetom da zatra\u017eim ostvarivanje svojih prava putem e-po\u0161te na gore navedenu adresu ili dostavom pisane osobne obavijesti u kojoj se osobno izjavljujem i identificiram va\u017ee\u0107om osobnom iskaznicom.<\/p>\n<p><span style=\"color: #0e0e0e; font-family: 'Playfair Display', sans-serif; font-size: 40px; letter-spacing: -0.8px;\">&nbsp;<\/span><\/p>\n<h4><span style=\"color: #0e0e0e; font-family: Playfair Display, sans-serif;\"><span style=\"font-size: 40px; letter-spacing: -0.8px;\">Slu\u017ebenik za za\u0161titu podataka.<\/span><\/span><\/h4>\n<p>Lazzz je imenovao svog slu\u017ebenika za za\u0161titu podataka i svi upiti u vezi sa za\u0161titom osobnih podataka trebaju biti upu\u0107eni slu\u017ebeniku za za\u0161titu podataka:<\/p>\n<p>E-mail: info@lazzz.com<\/p>\n<h4><span style=\"letter-spacing: -0.8px;\"><br><\/span><\/h4>\n<h4><span style=\"letter-spacing: -0.8px;\">Na\u010dela koja se odnose na za\u0161titu osobnih podataka.<\/span><\/h4>\n<p><span style=\"color: rgba(14, 14, 14, 0.5); font-family: Roboto, sans-serif;\"><span style=\"font-size: 14px; letter-spacing: normal;\">Lazz prepoznaje va\u017enost zakonitog i pravilnog postupanja s osobnim podacima, stoga ula\u017ee sve napore kako bi osigurao da se s osobnim podacima postupa zakonito i pravilno. Imaju\u0107i to na umu, Lazz u potpunosti prihva\u0107a i po\u0161tuje na\u010dela za\u0161tite podataka.<\/span><\/span><\/p>\n<p>Op\u0107a na\u010dela za\u0161tite podataka zahtijevaju da podaci<span style=\"color: rgba(14, 14, 14, 0.5); font-family: Roboto, sans-serif; font-size: 14px; letter-spacing: normal;\">:<\/span><\/p>\n<ul>\n<li>obra\u0111uju se po\u0161teno i zakonito, a posebno se ne smiju obra\u0111ivati ako nisu ispunjeni zakonski uvjeti;<\/li>\n<li>prikupljaju se za jednu ili ograni\u010den broj odre\u0111enih, zakonitih svrha i nikada se ne smiju dalje obra\u0111ivati ili na na\u010din koji bi bio nespojiv s tim svrhama;<\/li>\n<li>obrada mora biti primjerena, relevantna i ne smije prelaziti svrhu ili svrhe za koje se podaci obra\u0111uju, a podaci trebaju biti to\u010dni i a\u017eurni;<\/li>\n<li>ne smiju se \u010duvati dulje nego \u0161to je potrebno za prihva\u0107enu svrhu;<\/li>\n<li>trebaju se obra\u0111ivati u skladu s pravima ispitanika u skladu s va\u017ee\u0107im propisima:<\/li>\n<li>trebaju se poduzeti odgovaraju\u0107e tehni\u010dke i organizacijske mjere za za\u0161titu osobnih podataka od neovla\u0161tene i nezakonite obrade, kao i slu\u010dajnog gubitka, uni\u0161tenja ili o\u0161te\u0107enja;<\/li>\n<li>ne smiju se prenositi u drugu zemlju ili teritorij izvan EU, osim ako ta zemlja ili teritorij ne osiguravaju odgovaraju\u0107u za\u0161titu prava i sloboda ispitanika u vezi sa za\u0161titom osobnih podataka.<\/li>\n<\/ul>\n<h4><span style=\"letter-spacing: -0.8px;\"><br><\/span><\/h4>\n<h4><span style=\"letter-spacing: -0.8px;\">Lazzove aktivnosti u vezi s obradom podataka.<\/span><\/h4>\n<p>Lazzz radi:<\/p>\n<ul>\n<li>U potpunosti po\u0161tivati uvjete zakonitog i po\u0161tenog prikupljanja i obrade osobnih podataka;<\/li>\n<li>Po\u0161tivati svoju obvezu navo\u0111enja svrhe za koju se osobni podaci obra\u0111uju;<\/li>\n<li>Prikupljati i obra\u0111ivati odgovaraju\u0107e osobne podatke, samo u mjeri u kojoj je to potrebno za ispunjavanje operativnih zahtjeva i u skladu sa svim primjenjivim zakonskim zahtjevima;<\/li>\n<li>Dostavljati sve potrebne podatke Agenciji za za\u0161titu osobnih podataka;<\/li>\n<li>Strogo kontrolirati trajanje pohrane osobnih podataka;<\/li>\n<li>Poduzimati sve potrebne mjere kako bi se omogu\u0107ilo ostvarivanje prava osoba \u010diji se podaci obra\u0111uju;<\/li>\n<li>Poduzimati sve odgovaraju\u0107e tehni\u010dke i organizacijske sigurnosne mjere za za\u0161titu osobnih podataka;<\/li>\n<li>Osigurati da se osobni podaci ne prenose u druge zemlje bez odgovaraju\u0107e za\u0161tite;<\/li>\n<li>Postupati sa svim ljudima pravedno i po\u0161teno, bez obzira na njihovu dob, vjeroispovijest, invaliditet, spol, seksualnu orijentaciju ili etni\u010dko podrijetlo, prilikom odgovaranja na njihove zahtjeve u vezi s pravom na informiranje;<\/li>\n<li>Uspostaviti jasne postupke za reagiranje na zahtjeve temeljene na pravu na informiranje;<\/li>\n<\/ul>\n<div>&nbsp;<\/div>\n<p>Lazzz mo\u017ee na svojoj web stranici objaviti sadr\u017eaj kola\u010di\u0107a koji se koriste za ogla\u0161avanje i izradu statistike web prometa na temelju interesa i informacija posjetitelja web stranice s dru\u0161tvenih mre\u017ea. Ako subjekt podataka koristi sadr\u017eaj dru\u0161tvene mre\u017ee ili aplikacije Lazzza, kola\u010di\u0107 s tih stranica ili aplikacija mo\u017ee se pohraniti na ure\u0111aju ispitanika koji se koristi za pristup web stranici Lazzza. Posjetitelji imaju pravo onemogu\u0107iti kola\u010di\u0107e. Web preglednici su obi\u010dno postavljeni tako da prema zadanim postavkama prihva\u0107aju kola\u010di\u0107e, ali ispitanici mogu jednostavno promijeniti tu postavku u svojim preglednicima. Ako ispitanik \u017eeli ograni\u010diti ili blokirati sve kola\u010di\u0107e, uklju\u010duju\u0107i web stranice i aplikacije Lazzza (\u0161to mo\u017ee sprije\u010diti kori\u0161tenje nekih dijelova tih web stranica) ili druge web stranice ili aplikacije, to mo\u017ee u\u010diniti u postavkama svog web preglednika.<\/p>\n<p>Kada je vjerojatno da \u0107e povreda osobnih podataka rezultirati visokim rizikom za prava i slobode pojedinaca, Lazzz \u0107e bez nepotrebnog odga\u0111anja obavijestiti ispitanika o povredi osobnih podataka, osim ako Lazzz nije proveo odgovaraju\u0107e tehni\u010dke i organizacijske mjere za\u0161tite, a te su mjere primijenjene na osobne podatke na koje je utjecala povreda osobnih podataka, posebno one koje \u010dine osobne podatke nerazumljivima bilo kojoj osobi koja nije ovla\u0161tena pristupiti im, ili osim ako Lazzz nije poduzeo naknadne mjere koje osiguravaju da se visoki rizik za prava i slobode ispitanika vi\u0161e ne\u0107e materijalizirati ili ako bi to zahtijevalo nerazmjeran napor. U ovom, posljednjem slu\u010daju, Lazzz \u0107e koristiti javnu komunikaciju ili sli\u010dnu mjeru kako bi osigurao da ispitanici budu informirani na jednako u\u010dinkovit na\u010din.<\/p>\n<p><span style=\"color: #0e0e0e; font-family: Playfair Display, sans-serif;\"><span style=\"font-size: 40px; letter-spacing: -0.8px;\"><br><\/span><\/span><\/p>\n<p><span style=\"color: #0e0e0e; font-family: Playfair Display, sans-serif;\"><span style=\"font-size: 40px; letter-spacing: -0.8px;\">Pregled i provjera<\/span><\/span><span style=\"color: #0e0e0e; font-family: 'Playfair Display', sans-serif; font-size: 40px; letter-spacing: -0.8px;\">.<\/span><\/p>\n<p>Lazzz zadr\u017eava pravo a\u017euriranja ove Politike prema potrebi kako bi odr\u017eao najbolje prakse i osigurao uskla\u0111enost sa svim promjenama ili izmjenama u vezi sa za\u0161titom osobnih podataka.<\/p>\t\t\t\t\t\t\t\t<\/div>\n\t\t\t\t\t<\/div>\n\t\t\t\t<\/div>\n\t\t\t\t<\/div>\n\t\t","protected":false},"excerpt":{"rendered":"<p>Privacy Policy Uvod. Tvrtka Lazzz, sa sjedi\u0161tem na adresi Stari Laz 113C, Primorsko Goranska, Hrvatska (u daljnjem tekstu Lazzz), mora prikupljati i koristiti odre\u0111ene osobne podatke u svom poslovanju. Ova je politika napisana i provedena kako bi se osiguralo da Lazzz posluje u skladu sa svojim zakonskim, organizacijskim i tehni\u010dkim obvezama u vezi sa za\u0161titom [&hellip;]<\/p>\n","protected":false},"author":1,"featured_media":0,"parent":0,"menu_order":0,"comment_status":"closed","ping_status":"closed","template":"elementor_header_footer","meta":{"inline_featured_image":false,"footnotes":""},"class_list":["post-857","page","type-page","status-publish","hentry"],"_links":{"self":[{"href":"https:\/\/nice-jang.213-202-100-24.plesk.page\/hr\/wp-json\/wp\/v2\/pages\/857","targetHints":{"allow":["GET"]}}],"collection":[{"href":"https:\/\/nice-jang.213-202-100-24.plesk.page\/hr\/wp-json\/wp\/v2\/pages"}],"about":[{"href":"https:\/\/nice-jang.213-202-100-24.plesk.page\/hr\/wp-json\/wp\/v2\/types\/page"}],"author":[{"embeddable":true,"href":"https:\/\/nice-jang.213-202-100-24.plesk.page\/hr\/wp-json\/wp\/v2\/users\/1"}],"replies":[{"embeddable":true,"href":"https:\/\/nice-jang.213-202-100-24.plesk.page\/hr\/wp-json\/wp\/v2\/comments?post=857"}],"version-history":[{"count":18,"href":"https:\/\/nice-jang.213-202-100-24.plesk.page\/hr\/wp-json\/wp\/v2\/pages\/857\/revisions"}],"predecessor-version":[{"id":1092,"href":"https:\/\/nice-jang.213-202-100-24.plesk.page\/hr\/wp-json\/wp\/v2\/pages\/857\/revisions\/1092"}],"wp:attachment":[{"href":"https:\/\/nice-jang.213-202-100-24.plesk.page\/hr\/wp-json\/wp\/v2\/media?parent=857"}],"curies":[{"name":"wp","href":"https:\/\/api.w.org\/{rel}","templated":true}]}}