{"id":856,"date":"2026-02-26T13:02:10","date_gmt":"2026-02-26T13:02:10","guid":{"rendered":"https:\/\/nice-jang.213-202-100-24.plesk.page\/eu-project\/"},"modified":"2026-04-03T10:12:28","modified_gmt":"2026-04-03T10:12:28","slug":"eu-projekt","status":"publish","type":"page","link":"https:\/\/nice-jang.213-202-100-24.plesk.page\/hr\/eu-projekt\/","title":{"rendered":"EU Project"},"content":{"rendered":"<style>.elementor-856 .elementor-element.elementor-element-71d46877{--display:flex;--min-height:600px;--flex-direction:column;--container-widget-width:100%;--container-widget-height:initial;--container-widget-flex-grow:0;--container-widget-align-self:initial;--flex-wrap-mobile:wrap;--justify-content:center;--overlay-opacity:1;--padding-top:0px;--padding-bottom:0px;--padding-left:20px;--padding-right:20px;}.elementor-856 .elementor-element.elementor-element-71d46877:not(.elementor-motion-effects-element-type-background), .elementor-856 .elementor-element.elementor-element-71d46877 > .elementor-motion-effects-container > .elementor-motion-effects-layer{background-image:url(\"https:\/\/nice-jang.213-202-100-24.plesk.page\/wp-content\/uploads\/2026\/02\/late-afternoon-light-on-a-beige-wall-2022-12-16-00-29-07-utc.jpg\");background-position:center center;background-size:cover;}.elementor-856 .elementor-element.elementor-element-71d46877::before, .elementor-856 .elementor-element.elementor-element-71d46877 > .elementor-background-video-container::before, .elementor-856 .elementor-element.elementor-element-71d46877 > .e-con-inner > .elementor-background-video-container::before, .elementor-856 .elementor-element.elementor-element-71d46877 > .elementor-background-slideshow::before, .elementor-856 .elementor-element.elementor-element-71d46877 > .e-con-inner > .elementor-background-slideshow::before, .elementor-856 .elementor-element.elementor-element-71d46877 > .elementor-motion-effects-container > .elementor-motion-effects-layer::before{--background-overlay:'';background-color:#0F0F0F96;}.elementor-856 .elementor-element.elementor-element-75181998{--display:flex;--justify-content:flex-end;--align-items:center;--container-widget-width:calc( ( 1 - var( --container-widget-flex-grow ) ) * 100% );--gap:0px 0px;--row-gap:0px;--column-gap:0px;--margin-top:0px;--margin-bottom:0px;--margin-left:0px;--margin-right:0px;--padding-top:45px;--padding-bottom:0px;--padding-left:0px;--padding-right:0px;}.elementor-856 .elementor-element.elementor-element-14657c82{text-align:center;margin:0px 0px calc(var(--kit-widget-spacing, 0px) + 28px) 0px;}.elementor-856 .elementor-element.elementor-element-14657c82 .elementor-heading-title{font-family:var( --e-global-typography-888c778-font-family ), Sans-serif;font-size:var( --e-global-typography-888c778-font-size );font-weight:var( --e-global-typography-888c778-font-weight );text-transform:var( --e-global-typography-888c778-text-transform );font-style:var( --e-global-typography-888c778-font-style );text-decoration:var( --e-global-typography-888c778-text-decoration );line-height:var( --e-global-typography-888c778-line-height );letter-spacing:var( --e-global-typography-888c778-letter-spacing );word-spacing:var( --e-global-typography-888c778-word-spacing );color:var( --e-global-color-f0e0728 );}.elementor-856 .elementor-element.elementor-element-67487e5b{--display:flex;--margin-top:100px;--margin-bottom:100px;--margin-left:100px;--margin-right:100px;}.elementor-856 .elementor-element.elementor-element-ebb3202{text-align:start;margin:0px 0px calc(var(--kit-widget-spacing, 0px) + 0px) -19px;}.elementor-856 .elementor-element.elementor-element-ebb3202 img{width:400px;}.elementor-856 .elementor-element.elementor-element-1b0b24f{text-align:start;margin:0px 0px calc(var(--kit-widget-spacing, 0px) + 0px) -7px;}.elementor-856 .elementor-element.elementor-element-1b0b24f img{width:320px;}.elementor-856 .elementor-element.elementor-element-465dc7a6{font-style:normal;}@media(min-width:768px){.elementor-856 .elementor-element.elementor-element-71d46877{--content-width:1240px;}}@media(max-width:1024px){.elementor-856 .elementor-element.elementor-element-71d46877{--min-height:500px;--padding-top:0px;--padding-bottom:0px;--padding-left:40px;--padding-right:40px;}.elementor-856 .elementor-element.elementor-element-75181998{--gap:0px 0px;--row-gap:0px;--column-gap:0px;}.elementor-856 .elementor-element.elementor-element-14657c82 .elementor-heading-title{font-size:var( --e-global-typography-888c778-font-size );line-height:var( --e-global-typography-888c778-line-height );letter-spacing:var( --e-global-typography-888c778-letter-spacing );word-spacing:var( --e-global-typography-888c778-word-spacing );}}@media(max-width:767px){.elementor-856 .elementor-element.elementor-element-71d46877{--min-height:0px;--padding-top:0px;--padding-bottom:0px;--padding-left:20px;--padding-right:20px;}.elementor-856 .elementor-element.elementor-element-75181998{--padding-top:100px;--padding-bottom:90px;--padding-left:0px;--padding-right:0px;}.elementor-856 .elementor-element.elementor-element-14657c82 .elementor-heading-title{font-size:var( --e-global-typography-888c778-font-size );line-height:var( --e-global-typography-888c778-line-height );letter-spacing:var( --e-global-typography-888c778-letter-spacing );word-spacing:var( --e-global-typography-888c778-word-spacing );}.elementor-856 .elementor-element.elementor-element-14657c82{padding:0px 0px 0px 0px;}}\/* Start custom CSS for text-editor, class: .elementor-element-465dc7a6 *\/h5, a{color: black !important;}\/* End custom CSS *\/<\/style>\t\t<div data-elementor-type=\"wp-page\" data-elementor-id=\"856\" class=\"elementor elementor-856 elementor-393\" data-elementor-post-type=\"page\">\n\t\t\t\t<div class=\"elementor-element elementor-element-71d46877 e-flex e-con-boxed e-con e-parent\" data-id=\"71d46877\" data-element_type=\"container\" data-e-type=\"container\" data-settings=\"{&quot;background_background&quot;:&quot;classic&quot;}\">\n\t\t\t\t\t<div class=\"e-con-inner\">\n\t\t<div class=\"elementor-element elementor-element-75181998 e-con-full e-flex e-con e-child\" data-id=\"75181998\" data-element_type=\"container\" data-e-type=\"container\">\n\t\t\t\t<div class=\"elementor-element elementor-element-14657c82 elementor-invisible elementor-widget elementor-widget-heading\" data-id=\"14657c82\" data-element_type=\"widget\" data-e-type=\"widget\" data-settings=\"{&quot;_animation&quot;:&quot;fadeIn&quot;}\" data-widget_type=\"heading.default\">\n\t\t\t\t\t<h2 class=\"elementor-heading-title elementor-size-default\">EU Projekt<\/h2>\t\t\t\t<\/div>\n\t\t\t\t<\/div>\n\t\t\t\t\t<\/div>\n\t\t\t\t<\/div>\n\t\t<div class=\"elementor-element elementor-element-67487e5b e-flex e-con-boxed e-con e-parent\" data-id=\"67487e5b\" data-element_type=\"container\" data-e-type=\"container\">\n\t\t\t\t\t<div class=\"e-con-inner\">\n\t\t\t\t<div class=\"elementor-element elementor-element-ebb3202 elementor-widget elementor-widget-image\" data-id=\"ebb3202\" data-element_type=\"widget\" data-e-type=\"widget\" data-widget_type=\"image.default\">\n\t\t\t\t\t\t\t\t\t\t\t\t\t\t\t<img fetchpriority=\"high\" decoding=\"async\" width=\"741\" height=\"198\" src=\"https:\/\/nice-jang.213-202-100-24.plesk.page\/wp-content\/uploads\/2026\/04\/eu.jpg\" class=\"attachment-large size-large wp-image-1020\" alt=\"\" srcset=\"https:\/\/nice-jang.213-202-100-24.plesk.page\/wp-content\/uploads\/2026\/04\/eu.jpg 741w, https:\/\/nice-jang.213-202-100-24.plesk.page\/wp-content\/uploads\/2026\/04\/eu-300x80.jpg 300w\" sizes=\"(max-width: 741px) 100vw, 741px\" \/>\t\t\t\t\t\t\t\t\t\t\t\t\t\t\t<\/div>\n\t\t\t\t<div class=\"elementor-element elementor-element-1b0b24f elementor-widget elementor-widget-image\" data-id=\"1b0b24f\" data-element_type=\"widget\" data-e-type=\"widget\" data-widget_type=\"image.default\">\n\t\t\t\t\t\t\t\t\t\t\t\t\t\t\t<img decoding=\"async\" width=\"800\" height=\"239\" src=\"https:\/\/nice-jang.213-202-100-24.plesk.page\/wp-content\/uploads\/2026\/04\/funded-by-european-union-1024x306.png\" class=\"attachment-large size-large wp-image-1021\" alt=\"\" srcset=\"https:\/\/nice-jang.213-202-100-24.plesk.page\/wp-content\/uploads\/2026\/04\/funded-by-european-union-1024x306.png 1024w, https:\/\/nice-jang.213-202-100-24.plesk.page\/wp-content\/uploads\/2026\/04\/funded-by-european-union-300x90.png 300w, https:\/\/nice-jang.213-202-100-24.plesk.page\/wp-content\/uploads\/2026\/04\/funded-by-european-union-768x230.png 768w, https:\/\/nice-jang.213-202-100-24.plesk.page\/wp-content\/uploads\/2026\/04\/funded-by-european-union.png 1100w\" sizes=\"(max-width: 800px) 100vw, 800px\" \/>\t\t\t\t\t\t\t\t\t\t\t\t\t\t\t<\/div>\n\t\t\t\t<div class=\"elementor-element elementor-element-465dc7a6 elementor-widget elementor-widget-text-editor\" data-id=\"465dc7a6\" data-element_type=\"widget\" data-e-type=\"widget\" data-widget_type=\"text-editor.default\">\n\t\t\t\t\t\t\t\t\t<p>\u201eFinancirano od strane Europske unije \u2013 NextGenerationEU. Izneseni stavovi i mi\u0161ljenja isklju\u010divo su stavovi autora i ne odra\u017eavaju nu\u017eno slu\u017ebeni stav Europske unije ili Europske komisije. Ni Europska unija ni Europska komisija ne mogu se smatrati odgovornima za njih.\u201c<\/p><p><b>Naziv projekta:<\/b> Zelena i digitalna tranzicija turizma \u2013 LAZZZ &#8211; Zdravlje i dobrobit<\/p><p><b>\u0160ifra projekta:<\/b> NPOO.C1.6.R1.-I2.01-V1.0085<\/p><p><b>Razdoblje provedbe projekta:<\/b> 30. travnja 2023. \u2013 30. lipnja 2026.<\/p><p><b>Ukupna vrijednost projekta:<\/b> 5.423.431,42 \u20ac<\/p><p><b>Ukupna sredstva bespovratnih sredstava:<\/b> 3.322.064,68 \u20ac<\/p><p><b>Kratak opis projekta:<\/b> Cilj ovog ulaganja je doprinijeti razvoju odr\u017eivog turizma kroz zelenu i digitalnu tranziciju provedbom zelenih projekata, kao \u0161to su pove\u0107anje energetske u\u010dinkovitosti, kori\u0161tenje obnovljivih izvora i kru\u017eno gospodarstvo, prihva\u0107anje inovacija i digitalnih tehnologija te razvoj ekolo\u0161ki prihvatljivih turisti\u010dkih proizvoda i u\u010dinkovitost resursa.<\/p><p>Sredstva se dodjeljuju na temelju indeksa razvoja turizma u Hrvatskoj tako da se prioritet daje ulaganjima u manje razvijena turisti\u010dka podru\u010dja.<\/p><p>Osim toga, o\u010dekuje se da \u0107e ovo ulaganje potaknuti dru\u0161tvenu odr\u017eivost turizma poticanjem privatnih ulaganja koja doprinose ve\u0107oj zaposlenosti u lokalnim zajednicama.<\/p>\t\t\t\t\t\t\t\t<\/div>\n\t\t\t\t\t<\/div>\n\t\t\t\t<\/div>\n\t\t\t\t<\/div>\n\t\t","protected":false},"excerpt":{"rendered":"<p>EU Projekt \u201eFinancirano od strane Europske unije \u2013 NextGenerationEU. Izneseni stavovi i mi\u0161ljenja isklju\u010divo su stavovi autora i ne odra\u017eavaju nu\u017eno slu\u017ebeni stav Europske unije ili Europske komisije. Ni Europska unija ni Europska komisija ne mogu se smatrati odgovornima za njih.\u201c Naziv projekta: Zelena i digitalna tranzicija turizma \u2013 LAZZZ &#8211; Zdravlje i dobrobit \u0160ifra [&hellip;]<\/p>\n","protected":false},"author":1,"featured_media":0,"parent":0,"menu_order":0,"comment_status":"closed","ping_status":"closed","template":"elementor_header_footer","meta":{"inline_featured_image":false,"footnotes":""},"class_list":["post-856","page","type-page","status-publish","hentry"],"_links":{"self":[{"href":"https:\/\/nice-jang.213-202-100-24.plesk.page\/hr\/wp-json\/wp\/v2\/pages\/856","targetHints":{"allow":["GET"]}}],"collection":[{"href":"https:\/\/nice-jang.213-202-100-24.plesk.page\/hr\/wp-json\/wp\/v2\/pages"}],"about":[{"href":"https:\/\/nice-jang.213-202-100-24.plesk.page\/hr\/wp-json\/wp\/v2\/types\/page"}],"author":[{"embeddable":true,"href":"https:\/\/nice-jang.213-202-100-24.plesk.page\/hr\/wp-json\/wp\/v2\/users\/1"}],"replies":[{"embeddable":true,"href":"https:\/\/nice-jang.213-202-100-24.plesk.page\/hr\/wp-json\/wp\/v2\/comments?post=856"}],"version-history":[{"count":15,"href":"https:\/\/nice-jang.213-202-100-24.plesk.page\/hr\/wp-json\/wp\/v2\/pages\/856\/revisions"}],"predecessor-version":[{"id":1049,"href":"https:\/\/nice-jang.213-202-100-24.plesk.page\/hr\/wp-json\/wp\/v2\/pages\/856\/revisions\/1049"}],"wp:attachment":[{"href":"https:\/\/nice-jang.213-202-100-24.plesk.page\/hr\/wp-json\/wp\/v2\/media?parent=856"}],"curies":[{"name":"wp","href":"https:\/\/api.w.org\/{rel}","templated":true}]}}